{"id":1885,"date":"2026-03-19T08:51:15","date_gmt":"2026-03-19T07:51:15","guid":{"rendered":"https:\/\/lamagnaneriedemontreal.fr\/menu-huurders\/"},"modified":"2026-03-29T19:38:19","modified_gmt":"2026-03-29T17:38:19","slug":"menu-huurders","status":"publish","type":"page","link":"https:\/\/lamagnaneriedemontreal.fr\/nl\/menu-huurders\/","title":{"rendered":"Contenu restreint"},"content":{"rendered":"<p>&nbsp;<\/p>\r\n<p>&nbsp;<\/p>\r\n<p><strong>!!! Cette page est r\u00e9serv\u00e9e aux utilisateurs connect\u00e9s (locataires, conciergerie, ...) !!! <\/strong><\/p>\r\n<p>&nbsp;<\/p>\r\n<p>&nbsp;<\/p>","protected":false},"excerpt":{"rendered":"","protected":false},"author":2,"featured_media":0,"parent":0,"menu_order":0,"comment_status":"closed","ping_status":"closed","template":"","meta":{"footnotes":""},"class_list":["post-1885","page","type-page","status-publish","hentry"],"aioseo_notices":[],"_links":{"self":[{"href":"https:\/\/lamagnaneriedemontreal.fr\/nl\/wp-json\/wp\/v2\/pages\/1885","targetHints":{"allow":["GET"]}}],"collection":[{"href":"https:\/\/lamagnaneriedemontreal.fr\/nl\/wp-json\/wp\/v2\/pages"}],"about":[{"href":"https:\/\/lamagnaneriedemontreal.fr\/nl\/wp-json\/wp\/v2\/types\/page"}],"author":[{"embeddable":true,"href":"https:\/\/lamagnaneriedemontreal.fr\/nl\/wp-json\/wp\/v2\/users\/2"}],"replies":[{"embeddable":true,"href":"https:\/\/lamagnaneriedemontreal.fr\/nl\/wp-json\/wp\/v2\/comments?post=1885"}],"version-history":[{"count":6,"href":"https:\/\/lamagnaneriedemontreal.fr\/nl\/wp-json\/wp\/v2\/pages\/1885\/revisions"}],"predecessor-version":[{"id":2927,"href":"https:\/\/lamagnaneriedemontreal.fr\/nl\/wp-json\/wp\/v2\/pages\/1885\/revisions\/2927"}],"wp:attachment":[{"href":"https:\/\/lamagnaneriedemontreal.fr\/nl\/wp-json\/wp\/v2\/media?parent=1885"}],"curies":[{"name":"wp","href":"https:\/\/api.w.org\/{rel}","templated":true}]}}