{"id":1472,"date":"2025-09-23T12:36:04","date_gmt":"2025-09-23T10:36:04","guid":{"rendered":"https:\/\/lamagnaneriedemontreal.fr\/links\/"},"modified":"2026-03-29T19:37:09","modified_gmt":"2026-03-29T17:37:09","slug":"links","status":"publish","type":"page","link":"https:\/\/lamagnaneriedemontreal.fr\/nl\/links\/","title":{"rendered":"Links"},"content":{"rendered":"\t\t<div data-elementor-type=\"wp-page\" data-elementor-id=\"1472\" class=\"elementor elementor-1472 elementor-20\" data-elementor-post-type=\"page\">\n\t\t\t\t<div class=\"elementor-element elementor-element-b9f4b21 e-flex e-con-boxed e-con e-parent\" data-id=\"b9f4b21\" data-element_type=\"container\" data-e-type=\"container\">\n\t\t\t\t\t<div class=\"e-con-inner\">\n\t\t\t\t<div class=\"elementor-element elementor-element-9844595 elementor-widget-divider--view-line elementor-widget elementor-widget-divider\" data-id=\"9844595\" data-element_type=\"widget\" data-e-type=\"widget\" data-widget_type=\"divider.default\">\n\t\t\t\t\t\t\t<div class=\"elementor-divider\">\n\t\t\t<span class=\"elementor-divider-separator\">\n\t\t\t\t\t\t<\/span>\n\t\t<\/div>\n\t\t\t\t\t\t<\/div>\n\t\t\t\t\t<\/div>\n\t\t\t\t<\/div>\n\t\t<div class=\"elementor-element elementor-element-b929544 e-flex e-con-boxed e-con e-parent\" data-id=\"b929544\" data-element_type=\"container\" data-e-type=\"container\">\n\t\t\t\t\t<div class=\"e-con-inner\">\n\t\t\t\t<div class=\"elementor-element elementor-element-a7b4e6a elementor-align-center elementor-widget elementor-widget-button\" data-id=\"a7b4e6a\" data-element_type=\"widget\" data-e-type=\"widget\" data-widget_type=\"button.default\">\n\t\t\t\t\t\t\t\t\t\t<a class=\"elementor-button elementor-button-link elementor-size-sm\" href=\"https:\/\/www.google.com\/maps\/d\/edit?hl=fr&#038;mid=1P7s-4Xxw1HOsZKSzXfaZFKFxA-2Mb-c&#038;ll=44.79330417973668%2C4.4502249590184695&#038;z=9\" target=\"_blank\" rel=\"nofollow\">\n\t\t\t\t\t\t<span class=\"elementor-button-content-wrapper\">\n\t\t\t\t\t\t\t\t\t<span class=\"elementor-button-text\">Interactieve kaart van de Ard\u00e8che<\/span>\n\t\t\t\t\t<\/span>\n\t\t\t\t\t<\/a>\n\t\t\t\t\t\t\t\t<\/div>\n\t\t\t\t\t<\/div>\n\t\t\t\t<\/div>\n\t\t<div class=\"elementor-element elementor-element-64b68cc e-flex e-con-boxed e-con e-parent\" data-id=\"64b68cc\" data-element_type=\"container\" data-e-type=\"container\">\n\t\t\t\t\t<div class=\"e-con-inner\">\n\t\t\t\t<div class=\"elementor-element elementor-element-f341958 elementor-align-center elementor-widget elementor-widget-button\" data-id=\"f341958\" data-element_type=\"widget\" data-e-type=\"widget\" data-widget_type=\"button.default\">\n\t\t\t\t\t\t\t\t\t\t<a class=\"elementor-button elementor-button-link elementor-size-sm\" href=\"https:\/\/www.tourisme-valdeligne.fr\/sortir\/festivites-en-val-de-ligne\/\" target=\"_blank\" rel=\"nofollow\">\n\t\t\t\t\t\t<span class=\"elementor-button-content-wrapper\">\n\t\t\t\t\t\t\t\t\t<span class=\"elementor-button-text\">Feestkalender in de Val de Ligne<\/span>\n\t\t\t\t\t<\/span>\n\t\t\t\t\t<\/a>\n\t\t\t\t\t\t\t\t<\/div>\n\t\t\t\t\t<\/div>\n\t\t\t\t<\/div>\n\t\t<div class=\"elementor-element elementor-element-bd7e70b e-flex e-con-boxed e-con e-parent\" data-id=\"bd7e70b\" data-element_type=\"container\" data-e-type=\"container\">\n\t\t\t\t\t<div class=\"e-con-inner\">\n\t\t\t\t<div class=\"elementor-element elementor-element-37a2ff0 elementor-align-center elementor-widget elementor-widget-button\" data-id=\"37a2ff0\" data-element_type=\"widget\" data-e-type=\"widget\" data-widget_type=\"button.default\">\n\t\t\t\t\t\t\t\t\t\t<a class=\"elementor-button elementor-button-link elementor-size-sm\" href=\"https:\/\/www.calameo.com\/read\/002338625eb81701772bf\" target=\"_blank\" rel=\"nofollow\">\n\t\t\t\t\t\t<span class=\"elementor-button-content-wrapper\">\n\t\t\t\t\t\t\t\t\t<span class=\"elementor-button-text\">Lijst van weekmarkten in Zuid-Ard\u00e8che<\/span>\n\t\t\t\t\t<\/span>\n\t\t\t\t\t<\/a>\n\t\t\t\t\t\t\t\t<\/div>\n\t\t\t\t\t<\/div>\n\t\t\t\t<\/div>\n\t\t<div class=\"elementor-element elementor-element-cca8083 e-flex e-con-boxed e-con e-parent\" data-id=\"cca8083\" data-element_type=\"container\" data-e-type=\"container\">\n\t\t\t\t\t<div class=\"e-con-inner\">\n\t\t\t\t<div class=\"elementor-element elementor-element-f1d3f5a elementor-align-center elementor-widget elementor-widget-button\" data-id=\"f1d3f5a\" data-element_type=\"widget\" data-e-type=\"widget\" data-widget_type=\"button.default\">\n\t\t\t\t\t\t\t\t\t\t<a class=\"elementor-button elementor-button-link elementor-size-sm\" href=\"https:\/\/www.calameo.com\/read\/002338625f5615c5d33b1\" target=\"_blank\" rel=\"nofollow\">\n\t\t\t\t\t\t<span class=\"elementor-button-content-wrapper\">\n\t\t\t\t\t\t\t\t\t<span class=\"elementor-button-text\">Lijst van zomermarkten<\/span>\n\t\t\t\t\t<\/span>\n\t\t\t\t\t<\/a>\n\t\t\t\t\t\t\t\t<\/div>\n\t\t\t\t\t<\/div>\n\t\t\t\t<\/div>\n\t\t<div class=\"elementor-element elementor-element-ff08f54 e-flex e-con-boxed e-con e-parent\" data-id=\"ff08f54\" data-element_type=\"container\" data-e-type=\"container\">\n\t\t\t\t\t<div class=\"e-con-inner\">\n\t\t\t\t<div class=\"elementor-element elementor-element-fd637cd elementor-widget elementor-widget-heading\" data-id=\"fd637cd\" data-element_type=\"widget\" data-e-type=\"widget\" data-widget_type=\"heading.default\">\n\t\t\t\t\t<h2 class=\"elementor-heading-title elementor-size-default\">Bezoeken en Activiteiten <\/h2>\t\t\t\t<\/div>\n\t\t\t\t\t<\/div>\n\t\t\t\t<\/div>\n\t\t<div class=\"elementor-element elementor-element-bfd20cd e-flex e-con-boxed e-con e-parent\" data-id=\"bfd20cd\" data-element_type=\"container\" data-e-type=\"container\">\n\t\t\t\t\t<div class=\"e-con-inner\">\n\t\t\t\t<div class=\"elementor-element elementor-element-055b2e3 elementor-skin-carousel elementor-arrows-yes elementor-pagination-type-bullets elementor-pagination-position-outside elementor-widget elementor-widget-media-carousel\" data-id=\"055b2e3\" data-element_type=\"widget\" data-e-type=\"widget\" data-settings=\"{&quot;slides_per_view&quot;:&quot;4&quot;,&quot;skin&quot;:&quot;carousel&quot;,&quot;effect&quot;:&quot;slide&quot;,&quot;show_arrows&quot;:&quot;yes&quot;,&quot;pagination&quot;:&quot;bullets&quot;,&quot;speed&quot;:500,&quot;autoplay&quot;:&quot;yes&quot;,&quot;autoplay_speed&quot;:5000,&quot;loop&quot;:&quot;yes&quot;,&quot;pause_on_hover&quot;:&quot;yes&quot;,&quot;pause_on_interaction&quot;:&quot;yes&quot;,&quot;space_between&quot;:{&quot;unit&quot;:&quot;px&quot;,&quot;size&quot;:10,&quot;sizes&quot;:[]},&quot;space_between_tablet&quot;:{&quot;unit&quot;:&quot;px&quot;,&quot;size&quot;:10,&quot;sizes&quot;:[]},&quot;space_between_mobile&quot;:{&quot;unit&quot;:&quot;px&quot;,&quot;size&quot;:10,&quot;sizes&quot;:[]}}\" data-widget_type=\"media-carousel.default\">\n\t\t\t\t\t\t\t\t\t\t<div class=\"elementor-main-swiper swiper\" role=\"region\" aria-roledescription=\"carousel\" aria-label=\"Slides\">\n\t\t\t\t<div class=\"swiper-wrapper\">\n\t\t\t\t\t\t\t\t\t\t\t<div class=\"swiper-slide\" role=\"group\" aria-roledescription=\"slide\">\n\t\t\t\t\t\t\t<a href=\"https:\/\/www.facebook.com\/chateaumontreal07\" target=\"_blank\" rel=\"nofollow\">\t\t<div class=\"elementor-carousel-image\" role=\"img\" aria-label=\"Kasteel van Montr\u00e9al\" style=\"background-image: url(&#039;https:\/\/lamagnaneriedemontreal.fr\/wp-content\/uploads\/2025\/09\/Chateau-de-Montreal.jpg&#039;)\">\n\n\t\t\t\n\t\t\t\t\t<\/div>\n\t\t\t\t\t<div class=\"elementor-carousel-image-overlay e-overlay-animation-fade\">\n\t\t\t\tKasteel van Montr\u00e9al\t\t\t<\/div>\n\t\t\t<\/a>\t\t\t\t\t\t<\/div>\n\t\t\t\t\t\t\t\t\t\t\t<div class=\"swiper-slide\" role=\"group\" aria-roledescription=\"slide\">\n\t\t\t\t\t\t\t<a href=\"https:\/\/www.ardeche-guide.com\/sites-incontournables\" target=\"_blank\" rel=\"nofollow\">\t\t<div class=\"elementor-carousel-image\" role=\"img\" aria-label=\"Belangrijke bezienswaardigheden\" style=\"background-image: url(&#039;https:\/\/lamagnaneriedemontreal.fr\/wp-content\/uploads\/2025\/09\/\u00a9L.Clara-ADT07-Grotte_Chauvet_2_Ardeche-12.jpg&#039;)\">\n\n\t\t\t\n\t\t\t\t\t<\/div>\n\t\t\t\t\t<div class=\"elementor-carousel-image-overlay e-overlay-animation-fade\">\n\t\t\t\tBelangrijke bezienswaardigheden\t\t\t<\/div>\n\t\t\t<\/a>\t\t\t\t\t\t<\/div>\n\t\t\t\t\t\t\t\t\t\t\t<div class=\"swiper-slide\" role=\"group\" aria-roledescription=\"slide\">\n\t\t\t\t\t\t\t<a href=\"https:\/\/www.ardeche-guide.com\/experiences-emerveillantes\" target=\"_blank\" rel=\"nofollow\">\t\t<div class=\"elementor-carousel-image\" role=\"img\" aria-label=\"Gorges de l&#039;Ard\u00e8che - Kano&#039;s\" style=\"background-image: url(&#039;https:\/\/lamagnaneriedemontreal.fr\/wp-content\/uploads\/2025\/09\/\u00a9A.Renaud-Goud-ADT07-canoes_dans_les_Gorges-15.jpg&#039;)\">\n\n\t\t\t\n\t\t\t\t\t<\/div>\n\t\t\t\t\t<div class=\"elementor-carousel-image-overlay e-overlay-animation-fade\">\n\t\t\t\tWonderlijke Ervaringen\t\t\t<\/div>\n\t\t\t<\/a>\t\t\t\t\t\t<\/div>\n\t\t\t\t\t\t\t\t\t\t\t<div class=\"swiper-slide\" role=\"group\" aria-roledescription=\"slide\">\n\t\t\t\t\t\t\t<a href=\"https:\/\/www.ardeche-guide.com\/experiences-emerveillantes\/la-randonnee-en-ardeche\" target=\"_blank\" rel=\"nofollow\">\t\t<div class=\"elementor-carousel-image\" role=\"img\" aria-label=\"Wandelingen en Trektochten\" style=\"background-image: url(&#039;https:\/\/lamagnaneriedemontreal.fr\/wp-content\/uploads\/2025\/09\/\u00a9A.Renaud-Goud-ADT07-Montee_au_Mont_gerbier_de_jonc-26.jpg&#039;)\">\n\n\t\t\t\n\t\t\t\t\t<\/div>\n\t\t\t\t\t<div class=\"elementor-carousel-image-overlay e-overlay-animation-fade\">\n\t\t\t\tWandelingen en Trektochten\t\t\t<\/div>\n\t\t\t<\/a>\t\t\t\t\t\t<\/div>\n\t\t\t\t\t\t\t\t\t\t\t<div class=\"swiper-slide\" role=\"group\" aria-roledescription=\"slide\">\n\t\t\t\t\t\t\t<a href=\"https:\/\/www.ardeche-guide.com\/fetes-et-manifestations\" target=\"_blank\" rel=\"nofollow\">\t\t<div class=\"elementor-carousel-image\" role=\"img\" aria-label=\"Uitjes en Festivals\" style=\"background-image: url(&#039;https:\/\/lamagnaneriedemontreal.fr\/wp-content\/uploads\/2025\/09\/\u00a9AL-ADT07-Festival_Aluna-23.JPG.jpg&#039;)\">\n\n\t\t\t\n\t\t\t\t\t<\/div>\n\t\t\t\t\t<div class=\"elementor-carousel-image-overlay e-overlay-animation-fade\">\n\t\t\t\tUitjes en Festivals\t\t\t<\/div>\n\t\t\t<\/a>\t\t\t\t\t\t<\/div>\n\t\t\t\t\t\t\t\t\t\t\t<div class=\"swiper-slide\" role=\"group\" aria-roledescription=\"slide\">\n\t\t\t\t\t\t\t<a href=\"https:\/\/www.ardeche-guide.com\/restaurants\" target=\"_blank\" rel=\"nofollow\">\t\t<div class=\"elementor-carousel-image\" role=\"img\" aria-label=\"Restaurants\" style=\"background-image: url(&#039;https:\/\/lamagnaneriedemontreal.fr\/wp-content\/uploads\/2025\/09\/\u00a9L.Clara-ADT07-Village_de_caractere-Labeaume-Bec_Figue-2.jpg&#039;)\">\n\n\t\t\t\n\t\t\t\t\t<\/div>\n\t\t\t\t\t<div class=\"elementor-carousel-image-overlay e-overlay-animation-fade\">\n\t\t\t\tRestaurants\t\t\t<\/div>\n\t\t\t<\/a>\t\t\t\t\t\t<\/div>\n\t\t\t\t\t\t\t\t\t<\/div>\n\t\t\t\t\t\t\t\t\t\t\t\t\t\t\t<div class=\"elementor-swiper-button elementor-swiper-button-prev\" role=\"button\" tabindex=\"0\" aria-label=\"Vorige\">\n\t\t\t\t\t\t\t<svg aria-hidden=\"true\" class=\"e-font-icon-svg e-eicon-chevron-left\" viewBox=\"0 0 1000 1000\" xmlns=\"http:\/\/www.w3.org\/2000\/svg\"><path d=\"M646 125C629 125 613 133 604 142L308 442C296 454 292 471 292 487 292 504 296 521 308 533L604 854C617 867 629 875 646 875 663 875 679 871 692 858 704 846 713 829 713 812 713 796 708 779 692 767L438 487 692 225C700 217 708 204 708 187 708 171 704 154 692 142 675 129 663 125 646 125Z\"><\/path><\/svg>\t\t\t\t\t\t<\/div>\n\t\t\t\t\t\t<div class=\"elementor-swiper-button elementor-swiper-button-next\" role=\"button\" tabindex=\"0\" aria-label=\"Volgende\">\n\t\t\t\t\t\t\t<svg aria-hidden=\"true\" class=\"e-font-icon-svg e-eicon-chevron-right\" viewBox=\"0 0 1000 1000\" xmlns=\"http:\/\/www.w3.org\/2000\/svg\"><path d=\"M696 533C708 521 713 504 713 487 713 471 708 454 696 446L400 146C388 133 375 125 354 125 338 125 325 129 313 142 300 154 292 171 292 187 292 204 296 221 308 233L563 492 304 771C292 783 288 800 288 817 288 833 296 850 308 863 321 871 338 875 354 875 371 875 388 867 400 854L696 533Z\"><\/path><\/svg>\t\t\t\t\t\t<\/div>\n\t\t\t\t\t\t\t\t\t\t\t\t\t\t\t\t<div class=\"swiper-pagination\"><\/div>\n\t\t\t\t\t\t\t\t\t\t\t\t<\/div>\n\t\t\t\t\t\t\t\t<\/div>\n\t\t\t\t\t<\/div>\n\t\t\t\t<\/div>\n\t\t<div class=\"elementor-element elementor-element-b31bb21 e-flex e-con-boxed e-con e-parent\" data-id=\"b31bb21\" data-element_type=\"container\" data-e-type=\"container\">\n\t\t\t\t\t<div class=\"e-con-inner\">\n\t\t\t\t<div class=\"elementor-element elementor-element-4ca3b4f elementor-widget elementor-widget-heading\" data-id=\"4ca3b4f\" data-element_type=\"widget\" data-e-type=\"widget\" data-widget_type=\"heading.default\">\n\t\t\t\t\t<h2 class=\"elementor-heading-title elementor-size-default\">Culinaire favorieten...<\/h2>\t\t\t\t<\/div>\n\t\t\t\t\t<\/div>\n\t\t\t\t<\/div>\n\t\t<div class=\"elementor-element elementor-element-b66f6da e-flex e-con-boxed e-con e-parent\" data-id=\"b66f6da\" data-element_type=\"container\" data-e-type=\"container\">\n\t\t\t\t\t<div class=\"e-con-inner\">\n\t\t\t\t<div class=\"elementor-element elementor-element-f805c69 elementor-skin-carousel elementor-arrows-yes elementor-pagination-type-bullets elementor-pagination-position-outside elementor-widget elementor-widget-media-carousel\" data-id=\"f805c69\" data-element_type=\"widget\" data-e-type=\"widget\" data-settings=\"{&quot;slides_per_view&quot;:&quot;4&quot;,&quot;skin&quot;:&quot;carousel&quot;,&quot;effect&quot;:&quot;slide&quot;,&quot;show_arrows&quot;:&quot;yes&quot;,&quot;pagination&quot;:&quot;bullets&quot;,&quot;speed&quot;:500,&quot;autoplay&quot;:&quot;yes&quot;,&quot;autoplay_speed&quot;:5000,&quot;loop&quot;:&quot;yes&quot;,&quot;pause_on_hover&quot;:&quot;yes&quot;,&quot;pause_on_interaction&quot;:&quot;yes&quot;,&quot;space_between&quot;:{&quot;unit&quot;:&quot;px&quot;,&quot;size&quot;:10,&quot;sizes&quot;:[]},&quot;space_between_tablet&quot;:{&quot;unit&quot;:&quot;px&quot;,&quot;size&quot;:10,&quot;sizes&quot;:[]},&quot;space_between_mobile&quot;:{&quot;unit&quot;:&quot;px&quot;,&quot;size&quot;:10,&quot;sizes&quot;:[]}}\" data-widget_type=\"media-carousel.default\">\n\t\t\t\t\t\t\t\t\t\t<div class=\"elementor-main-swiper swiper\" role=\"region\" aria-roledescription=\"carousel\" aria-label=\"Slides\">\n\t\t\t\t<div class=\"swiper-wrapper\">\n\t\t\t\t\t\t\t\t\t\t\t<div class=\"swiper-slide\" role=\"group\" aria-roledescription=\"slide\">\n\t\t\t\t\t\t\t<a href=\"https:\/\/masdebagnols.fr\/\" target=\"_blank\" rel=\"nofollow\">\t\t<div class=\"elementor-carousel-image\" role=\"img\" aria-label=\"Mas de Bagnols\" style=\"background-image: url(&#039;https:\/\/lamagnaneriedemontreal.fr\/wp-content\/uploads\/2025\/09\/Mas-de-Bagnols-Texte.jpg&#039;)\">\n\n\t\t\t\n\t\t\t\t\t<\/div>\n\t\t\t\t\t<div class=\"elementor-carousel-image-overlay e-overlay-animation-fade\">\n\t\t\t\tWijnen van \"Mas de Bagnols\"\t\t\t<\/div>\n\t\t\t<\/a>\t\t\t\t\t\t<\/div>\n\t\t\t\t\t\t\t\t\t\t\t<div class=\"swiper-slide\" role=\"group\" aria-roledescription=\"slide\">\n\t\t\t\t\t\t\t<a href=\"https:\/\/domainedecousignac.fr\/\" target=\"_blank\" rel=\"nofollow\">\t\t<div class=\"elementor-carousel-image\" role=\"img\" aria-label=\"Domaine de Cousignac\" style=\"background-image: url(&#039;https:\/\/lamagnaneriedemontreal.fr\/wp-content\/uploads\/2025\/09\/Cousignac-texte.jpg&#039;)\">\n\n\t\t\t\n\t\t\t\t\t<\/div>\n\t\t\t\t\t<div class=\"elementor-carousel-image-overlay e-overlay-animation-fade\">\n\t\t\t\tWijnen van \"Domaine de Cousignac\"\t\t\t<\/div>\n\t\t\t<\/a>\t\t\t\t\t\t<\/div>\n\t\t\t\t\t\t\t\t\t\t\t<div class=\"swiper-slide\" role=\"group\" aria-roledescription=\"slide\">\n\t\t\t\t\t\t\t<a href=\"https:\/\/www.tourisme-valdeligne.fr\/artisan-commerce-service\/boulangerie-la-petite-fournee\/\" target=\"_blank\" rel=\"nofollow\">\t\t<div class=\"elementor-carousel-image\" role=\"img\" aria-label=\"La Petite Fourn\u00e9e\" style=\"background-image: url(&#039;https:\/\/lamagnaneriedemontreal.fr\/wp-content\/uploads\/2025\/09\/La-Petite-Fournee.jpg&#039;)\">\n\n\t\t\t\n\t\t\t\t\t<\/div>\n\t\t\t\t\t<div class=\"elementor-carousel-image-overlay e-overlay-animation-fade\">\n\t\t\t\tBakkerij \"La Petite Fourn\u00e9e\"\t\t\t<\/div>\n\t\t\t<\/a>\t\t\t\t\t\t<\/div>\n\t\t\t\t\t\t\t\t\t\t\t<div class=\"swiper-slide\" role=\"group\" aria-roledescription=\"slide\">\n\t\t\t\t\t\t\t<a href=\"https:\/\/www.lardechoise.net\/\" target=\"_blank\" rel=\"nofollow\">\t\t<div class=\"elementor-carousel-image\" role=\"img\" aria-label=\"L&#039;Ard\u00e9choise\" style=\"background-image: url(&#039;https:\/\/lamagnaneriedemontreal.fr\/wp-content\/uploads\/2025\/09\/lardechoise.jpg&#039;)\">\n\n\t\t\t\n\t\t\t\t\t<\/div>\n\t\t\t\t\t<div class=\"elementor-carousel-image-overlay e-overlay-animation-fade\">\n\t\t\t\tMarkthallen van \"L'Ard\u00e9choise\"\t\t\t<\/div>\n\t\t\t<\/a>\t\t\t\t\t\t<\/div>\n\t\t\t\t\t\t\t\t\t\t\t<div class=\"swiper-slide\" role=\"group\" aria-roledescription=\"slide\">\n\t\t\t\t\t\t\t<a href=\"https:\/\/www.masdelamadeleine.com\/\" target=\"_blank\" rel=\"nofollow\">\t\t<div class=\"elementor-carousel-image\" role=\"img\" aria-label=\"Mas de la Madeleine\" style=\"background-image: url(&#039;https:\/\/lamagnaneriedemontreal.fr\/wp-content\/uploads\/2025\/09\/madeleine-texte.jpg&#039;)\">\n\n\t\t\t\n\t\t\t\t\t<\/div>\n\t\t\t\t\t<div class=\"elementor-carousel-image-overlay e-overlay-animation-fade\">\n\t\t\t\tRestaurant van \"Mas de la Madeleine\"\t\t\t<\/div>\n\t\t\t<\/a>\t\t\t\t\t\t<\/div>\n\t\t\t\t\t\t\t\t\t\t\t<div class=\"swiper-slide\" role=\"group\" aria-roledescription=\"slide\">\n\t\t\t\t\t\t\t<a href=\"https:\/\/sylviebiscuitsetcie.fr\/\" target=\"_blank\" rel=\"nofollow\">\t\t<div class=\"elementor-carousel-image\" role=\"img\" aria-label=\"Sylvie, Biscuits et Cie\" style=\"background-image: url(&#039;https:\/\/lamagnaneriedemontreal.fr\/wp-content\/uploads\/2025\/09\/Sylvie-Texte.jpg&#039;)\">\n\n\t\t\t\n\t\t\t\t\t<\/div>\n\t\t\t\t\t<div class=\"elementor-carousel-image-overlay e-overlay-animation-fade\">\n\t\t\t\tPatisserie \"Sylvie, Biscuits et Cie\"\t\t\t<\/div>\n\t\t\t<\/a>\t\t\t\t\t\t<\/div>\n\t\t\t\t\t\t\t\t\t<\/div>\n\t\t\t\t\t\t\t\t\t\t\t\t\t\t\t<div class=\"elementor-swiper-button elementor-swiper-button-prev\" role=\"button\" tabindex=\"0\" aria-label=\"Vorige\">\n\t\t\t\t\t\t\t<svg aria-hidden=\"true\" class=\"e-font-icon-svg e-eicon-chevron-left\" viewBox=\"0 0 1000 1000\" xmlns=\"http:\/\/www.w3.org\/2000\/svg\"><path d=\"M646 125C629 125 613 133 604 142L308 442C296 454 292 471 292 487 292 504 296 521 308 533L604 854C617 867 629 875 646 875 663 875 679 871 692 858 704 846 713 829 713 812 713 796 708 779 692 767L438 487 692 225C700 217 708 204 708 187 708 171 704 154 692 142 675 129 663 125 646 125Z\"><\/path><\/svg>\t\t\t\t\t\t<\/div>\n\t\t\t\t\t\t<div class=\"elementor-swiper-button elementor-swiper-button-next\" role=\"button\" tabindex=\"0\" aria-label=\"Volgende\">\n\t\t\t\t\t\t\t<svg aria-hidden=\"true\" class=\"e-font-icon-svg e-eicon-chevron-right\" viewBox=\"0 0 1000 1000\" xmlns=\"http:\/\/www.w3.org\/2000\/svg\"><path d=\"M696 533C708 521 713 504 713 487 713 471 708 454 696 446L400 146C388 133 375 125 354 125 338 125 325 129 313 142 300 154 292 171 292 187 292 204 296 221 308 233L563 492 304 771C292 783 288 800 288 817 288 833 296 850 308 863 321 871 338 875 354 875 371 875 388 867 400 854L696 533Z\"><\/path><\/svg>\t\t\t\t\t\t<\/div>\n\t\t\t\t\t\t\t\t\t\t\t\t\t\t\t\t<div class=\"swiper-pagination\"><\/div>\n\t\t\t\t\t\t\t\t\t\t\t\t<\/div>\n\t\t\t\t\t\t\t\t<\/div>\n\t\t\t\t\t<\/div>\n\t\t\t\t<\/div>\n\t\t<div class=\"elementor-element elementor-element-708e77d e-flex e-con-boxed e-con e-parent\" data-id=\"708e77d\" data-element_type=\"container\" data-e-type=\"container\">\n\t\t\t\t\t<div class=\"e-con-inner\">\n\t\t\t\t<div class=\"elementor-element elementor-element-e99118b elementor-widget elementor-widget-heading\" data-id=\"e99118b\" data-element_type=\"widget\" data-e-type=\"widget\" data-widget_type=\"heading.default\">\n\t\t\t\t\t<h2 class=\"elementor-heading-title elementor-size-default\">Jamy, de fijnproever bezoekt de Ard\u00e8che...<\/h2>\t\t\t\t<\/div>\n\t\t\t\t\t<\/div>\n\t\t\t\t<\/div>\n\t\t<div class=\"elementor-element elementor-element-977bd26 e-flex e-con-boxed e-con e-parent\" data-id=\"977bd26\" data-element_type=\"container\" data-e-type=\"container\">\n\t\t\t\t\t<div class=\"e-con-inner\">\n\t\t\t\t<div class=\"elementor-element elementor-element-23c9743 elementor-widget-mobile__width-initial elementor-position-top elementor-widget elementor-widget-image-box\" data-id=\"23c9743\" data-element_type=\"widget\" data-e-type=\"widget\" data-widget_type=\"image-box.default\">\n\t\t\t\t\t<div class=\"elementor-image-box-wrapper\"><figure class=\"elementor-image-box-img\"><a href=\"https:\/\/youtu.be\/jOMJ7rlm24k\" target=\"_blank\" rel=\"nofollow\" tabindex=\"-1\"><img fetchpriority=\"high\" decoding=\"async\" width=\"1571\" height=\"948\" src=\"https:\/\/lamagnaneriedemontreal.fr\/wp-content\/uploads\/2025\/09\/Jamy-Ardeche.jpg\" class=\"elementor-animation-bounce-in attachment-full size-full wp-image-1485\" alt=\"Jamy, de fijnproever\" srcset=\"https:\/\/lamagnaneriedemontreal.fr\/wp-content\/uploads\/2025\/09\/Jamy-Ardeche.jpg 1571w, https:\/\/lamagnaneriedemontreal.fr\/wp-content\/uploads\/2025\/09\/Jamy-Ardeche-300x181.jpg 300w, https:\/\/lamagnaneriedemontreal.fr\/wp-content\/uploads\/2025\/09\/Jamy-Ardeche-1024x618.jpg 1024w, https:\/\/lamagnaneriedemontreal.fr\/wp-content\/uploads\/2025\/09\/Jamy-Ardeche-768x463.jpg 768w, https:\/\/lamagnaneriedemontreal.fr\/wp-content\/uploads\/2025\/09\/Jamy-Ardeche-1536x927.jpg 1536w\" sizes=\"(max-width: 1571px) 100vw, 1571px\" \/><\/a><\/figure><div class=\"elementor-image-box-content\"><p class=\"elementor-image-box-description\">Klik op bovenstaande afbeelding om de video te bekijken<\/p><\/div><\/div>\t\t\t\t<\/div>\n\t\t\t\t\t<\/div>\n\t\t\t\t<\/div>\n\t\t<div class=\"elementor-element elementor-element-e673d9f e-flex e-con-boxed e-con e-parent\" data-id=\"e673d9f\" data-element_type=\"container\" data-e-type=\"container\">\n\t\t\t\t\t<div class=\"e-con-inner\">\n\t\t\t\t<div class=\"elementor-element elementor-element-b3ad4b7 elementor-widget-divider--view-line elementor-widget elementor-widget-divider\" data-id=\"b3ad4b7\" data-element_type=\"widget\" data-e-type=\"widget\" data-widget_type=\"divider.default\">\n\t\t\t\t\t\t\t<div class=\"elementor-divider\">\n\t\t\t<span class=\"elementor-divider-separator\">\n\t\t\t\t\t\t<\/span>\n\t\t<\/div>\n\t\t\t\t\t\t<\/div>\n\t\t\t\t\t<\/div>\n\t\t\t\t<\/div>\n\t\t\t\t<\/div>\n\t\t","protected":false},"excerpt":{"rendered":"<p>Interactieve kaart van de Ard\u00e8che Feestkalender in de Val de Ligne Lijst van weekmarkten in Zuid-Ard\u00e8che Lijst van zomermarkten Bezoeken en Activiteiten Ch\u00e2teau de Montr\u00e9al Sites Incontournables Exp\u00e9riences Emerveillantes Ballades et Randonn\u00e9es Sorties et Festivals Restaurants Culinaire favorieten&#8230; Vins du &#8220;Mas de Bagnols&#8221; Vins du &#8220;Domaine de Cousignac&#8221; Boulangerie &#8220;La Petite Fourn\u00e9e&#8221; Halles de &#8220;L&#8217;Ard\u00e9choise&#8221; [&hellip;]<\/p>\n","protected":false},"author":1,"featured_media":0,"parent":0,"menu_order":0,"comment_status":"closed","ping_status":"closed","template":"","meta":{"footnotes":""},"class_list":["post-1472","page","type-page","status-publish","hentry"],"aioseo_notices":[],"_links":{"self":[{"href":"https:\/\/lamagnaneriedemontreal.fr\/nl\/wp-json\/wp\/v2\/pages\/1472","targetHints":{"allow":["GET"]}}],"collection":[{"href":"https:\/\/lamagnaneriedemontreal.fr\/nl\/wp-json\/wp\/v2\/pages"}],"about":[{"href":"https:\/\/lamagnaneriedemontreal.fr\/nl\/wp-json\/wp\/v2\/types\/page"}],"author":[{"embeddable":true,"href":"https:\/\/lamagnaneriedemontreal.fr\/nl\/wp-json\/wp\/v2\/users\/1"}],"replies":[{"embeddable":true,"href":"https:\/\/lamagnaneriedemontreal.fr\/nl\/wp-json\/wp\/v2\/comments?post=1472"}],"version-history":[{"count":2,"href":"https:\/\/lamagnaneriedemontreal.fr\/nl\/wp-json\/wp\/v2\/pages\/1472\/revisions"}],"predecessor-version":[{"id":2838,"href":"https:\/\/lamagnaneriedemontreal.fr\/nl\/wp-json\/wp\/v2\/pages\/1472\/revisions\/2838"}],"wp:attachment":[{"href":"https:\/\/lamagnaneriedemontreal.fr\/nl\/wp-json\/wp\/v2\/media?parent=1472"}],"curies":[{"name":"wp","href":"https:\/\/api.w.org\/{rel}","templated":true}]}}