{"id":1881,"date":"2026-03-19T08:51:15","date_gmt":"2026-03-19T07:51:15","guid":{"rendered":"https:\/\/lamagnaneriedemontreal.fr\/guests-menu\/"},"modified":"2026-03-29T19:38:35","modified_gmt":"2026-03-29T17:38:35","slug":"guests-menu","status":"publish","type":"page","link":"https:\/\/lamagnaneriedemontreal.fr\/en\/guests-menu\/","title":{"rendered":"Contenu restreint"},"content":{"rendered":"<p>&nbsp;<\/p>\r\n<p>&nbsp;<\/p>\r\n<p><strong>!!! Cette page est r\u00e9serv\u00e9e aux utilisateurs connect\u00e9s (locataires, conciergerie, ...) !!! <\/strong><\/p>\r\n<p>&nbsp;<\/p>\r\n<p>&nbsp;<\/p>","protected":false},"excerpt":{"rendered":"","protected":false},"author":2,"featured_media":0,"parent":0,"menu_order":0,"comment_status":"closed","ping_status":"closed","template":"","meta":{"footnotes":""},"class_list":["post-1881","page","type-page","status-publish","hentry"],"aioseo_notices":[],"_links":{"self":[{"href":"https:\/\/lamagnaneriedemontreal.fr\/en\/wp-json\/wp\/v2\/pages\/1881","targetHints":{"allow":["GET"]}}],"collection":[{"href":"https:\/\/lamagnaneriedemontreal.fr\/en\/wp-json\/wp\/v2\/pages"}],"about":[{"href":"https:\/\/lamagnaneriedemontreal.fr\/en\/wp-json\/wp\/v2\/types\/page"}],"author":[{"embeddable":true,"href":"https:\/\/lamagnaneriedemontreal.fr\/en\/wp-json\/wp\/v2\/users\/2"}],"replies":[{"embeddable":true,"href":"https:\/\/lamagnaneriedemontreal.fr\/en\/wp-json\/wp\/v2\/comments?post=1881"}],"version-history":[{"count":7,"href":"https:\/\/lamagnaneriedemontreal.fr\/en\/wp-json\/wp\/v2\/pages\/1881\/revisions"}],"predecessor-version":[{"id":2940,"href":"https:\/\/lamagnaneriedemontreal.fr\/en\/wp-json\/wp\/v2\/pages\/1881\/revisions\/2940"}],"wp:attachment":[{"href":"https:\/\/lamagnaneriedemontreal.fr\/en\/wp-json\/wp\/v2\/media?parent=1881"}],"curies":[{"name":"wp","href":"https:\/\/api.w.org\/{rel}","templated":true}]}}