{"id":2882,"date":"2026-03-23T14:52:59","date_gmt":"2026-03-23T13:52:59","guid":{"rendered":"https:\/\/lamagnaneriedemontreal.fr\/digicode\/"},"modified":"2026-03-29T19:38:04","modified_gmt":"2026-03-29T17:38:04","slug":"digicode","status":"publish","type":"page","link":"https:\/\/lamagnaneriedemontreal.fr\/de\/digicode\/","title":{"rendered":"Digicode"},"content":{"rendered":"\t\t<div data-elementor-type=\"wp-page\" data-elementor-id=\"2882\" class=\"elementor elementor-2882 elementor-2255\" data-elementor-post-type=\"page\">\n\t\t\t\t<div class=\"elementor-element elementor-element-7e85fc6 e-flex e-con-boxed e-con e-parent\" data-id=\"7e85fc6\" data-element_type=\"container\" data-e-type=\"container\">\n\t\t\t\t\t<div class=\"e-con-inner\">\n\t\t\t\t<div class=\"elementor-element elementor-element-2ab9aed elementor-widget elementor-widget-heading\" data-id=\"2ab9aed\" data-element_type=\"widget\" data-e-type=\"widget\" data-widget_type=\"heading.default\">\n\t\t\t\t\t<h2 class=\"elementor-heading-title elementor-size-default\">Zugangscodes zur Residenz<\/h2>\t\t\t\t<\/div>\n\t\t\t\t\t<\/div>\n\t\t\t\t<\/div>\n\t\t<div class=\"elementor-element elementor-element-c623e54 e-flex e-con-boxed e-con e-parent\" data-id=\"c623e54\" data-element_type=\"container\" data-e-type=\"container\">\n\t\t\t\t\t<div class=\"e-con-inner\">\n\t\t\t\t<div class=\"elementor-element elementor-element-808d39b elementor-widget elementor-widget-heading\" data-id=\"808d39b\" data-element_type=\"widget\" data-e-type=\"widget\" data-widget_type=\"heading.default\">\n\t\t\t\t\t<h2 class=\"elementor-heading-title elementor-size-default\">1. Code f\u00fcr den Schl\u00fcsseltresor am Tor <\/h2>\t\t\t\t<\/div>\n\t\t\t\t\t<\/div>\n\t\t\t\t<\/div>\n\t\t<div class=\"elementor-element elementor-element-bd8b563 e-flex e-con-boxed e-con e-parent\" data-id=\"bd8b563\" data-element_type=\"container\" data-e-type=\"container\">\n\t\t\t\t\t<div class=\"e-con-inner\">\n\t\t\t\t<div class=\"elementor-element elementor-element-df366f4 elementor-widget elementor-widget-shortcode\" data-id=\"df366f4\" data-element_type=\"widget\" data-e-type=\"widget\" data-widget_type=\"shortcode.default\">\n\t\t\t\t\t\t\t<div class=\"elementor-shortcode\"><h3>!!! Veuillez vous connecter, merci !!!<\/h3><\/div>\n\t\t\t\t\t\t<\/div>\n\t\t\t\t\t<\/div>\n\t\t\t\t<\/div>\n\t\t<div class=\"elementor-element elementor-element-0a352fb e-flex e-con-boxed e-con e-parent\" data-id=\"0a352fb\" data-element_type=\"container\" data-e-type=\"container\">\n\t\t\t\t\t<div class=\"e-con-inner\">\n\t\t\t\t<div class=\"elementor-element elementor-element-f38e106 elementor-widget__width-initial elementor-widget elementor-widget-heading\" data-id=\"f38e106\" data-element_type=\"widget\" data-e-type=\"widget\" data-widget_type=\"heading.default\">\n\t\t\t\t\t<h2 class=\"elementor-heading-title elementor-size-default\">Der Schl\u00fcsseltresor befindet sich am Pfeiler rechts vom Tor und oberhalb des Briefkastens. Der Schl\u00fcssel gew\u00e4hrt ausschlie\u00dflich Zugang zum Garten, zum Pool, zum Vorratsraum und zu den Terrassen.<\/h2>\t\t\t\t<\/div>\n\t\t\t\t<div class=\"elementor-element elementor-element-16b0fbf elementor-widget elementor-widget-heading\" data-id=\"16b0fbf\" data-element_type=\"widget\" data-e-type=\"widget\" data-widget_type=\"heading.default\">\n\t\t\t\t\t<h2 class=\"elementor-heading-title elementor-size-default\">2. Code f\u00fcr das elektronische Schloss der Eingangst\u00fcr<\/h2>\t\t\t\t<\/div>\n\t\t\t\t\t<\/div>\n\t\t\t\t<\/div>\n\t\t<div class=\"elementor-element elementor-element-97c4d71 e-flex e-con-boxed e-con e-parent\" data-id=\"97c4d71\" data-element_type=\"container\" data-e-type=\"container\">\n\t\t\t\t\t<div class=\"e-con-inner\">\n\t\t\t\t<div class=\"elementor-element elementor-element-3fb390a elementor-widget elementor-widget-shortcode\" data-id=\"3fb390a\" data-element_type=\"widget\" data-e-type=\"widget\" data-widget_type=\"shortcode.default\">\n\t\t\t\t\t\t\t<div class=\"elementor-shortcode\"><h3>!!! Veuillez vous connecter, merci !!!<\/h3><\/div>\n\t\t\t\t\t\t<\/div>\n\t\t\t\t<div class=\"elementor-element elementor-element-197f5ff elementor-widget elementor-widget-shortcode\" data-id=\"197f5ff\" data-element_type=\"widget\" data-e-type=\"widget\" data-widget_type=\"shortcode.default\">\n\t\t\t\t\t\t\t<div class=\"elementor-shortcode\"><h3>!!! Veuillez vous connecter, merci !!!<\/h3><\/div>\n\t\t\t\t\t\t<\/div>\n\t\t\t\t\t<\/div>\n\t\t\t\t<\/div>\n\t\t<div class=\"elementor-element elementor-element-af89985 e-flex e-con-boxed e-con e-parent\" data-id=\"af89985\" data-element_type=\"container\" data-e-type=\"container\">\n\t\t\t\t\t<div class=\"e-con-inner\">\n\t\t\t\t<div class=\"elementor-element elementor-element-c6034c5 elementor-widget__width-initial elementor-widget elementor-widget-heading\" data-id=\"c6034c5\" data-element_type=\"widget\" data-e-type=\"widget\" data-widget_type=\"heading.default\">\n\t\t\t\t\t<h2 class=\"elementor-heading-title elementor-size-default\">Das Tastenfeld befindet sich auf der rechten Seite der Eingangst\u00fcr der Residenz. Bedienungsanleitung siehe unten.<\/h2>\t\t\t\t<\/div>\n\t\t\t\t\t<\/div>\n\t\t\t\t<\/div>\n\t\t<div class=\"elementor-element elementor-element-c5032d6 e-flex e-con-boxed e-con e-parent\" data-id=\"c5032d6\" data-element_type=\"container\" data-e-type=\"container\">\n\t\t\t\t\t<div class=\"e-con-inner\">\n\t\t\t\t<div class=\"elementor-element elementor-element-2547715 elementor-widget__width-initial elementor-widget elementor-widget-image\" data-id=\"2547715\" data-element_type=\"widget\" data-e-type=\"widget\" data-widget_type=\"image.default\">\n\t\t\t\t\t\t\t\t\t\t\t\t<figure class=\"wp-caption\">\n\t\t\t\t\t\t\t\t\t\t\t<a href=\"https:\/\/lamagnaneriedemontreal.fr\/wp-content\/uploads\/2026\/03\/Utilisation-serrure-connectee.pdf\" target=\"_blank\" rel=\"nofollow\">\n\t\t\t\t\t\t\t<img decoding=\"async\" src=\"https:\/\/lamagnaneriedemontreal.fr\/wp-content\/uploads\/elementor\/thumbs\/Serrure-Digicode-rkz4a5usrxzpcenlzy7ot1ach3i83ngaur9ccw732c.jpg\" title=\"Codeschloss\" alt=\"Codeschloss\" loading=\"lazy\" \/>\t\t\t\t\t\t\t\t<\/a>\n\t\t\t\t\t\t\t\t\t\t\t<figcaption class=\"widget-image-caption wp-caption-text\">Bedienungsanleitung elektronisches Schloss \u2013 Klicken Sie auf das Foto<\/figcaption>\n\t\t\t\t\t\t\t\t\t\t<\/figure>\n\t\t\t\t\t\t\t\t\t<\/div>\n\t\t\t\t\t<\/div>\n\t\t\t\t<\/div>\n\t\t\t\t<\/div>\n\t\t","protected":false},"excerpt":{"rendered":"<p>Zugangscodes zur Residenz 1. Code f\u00fcr den Schl\u00fcsseltresor am Tor Der Schl\u00fcsseltresor befindet sich am Pfeiler rechts vom Tor und oberhalb des Briefkastens. Der Schl\u00fcssel gew\u00e4hrt ausschlie\u00dflich Zugang zum Garten, zum Pool, zum Vorratsraum und zu den Terrassen. 2. Code f\u00fcr das elektronische Schloss der Eingangst\u00fcr Das Tastenfeld befindet sich auf der rechten Seite der [&hellip;]<\/p>\n","protected":false},"author":1,"featured_media":0,"parent":0,"menu_order":0,"comment_status":"closed","ping_status":"closed","template":"","meta":{"footnotes":""},"class_list":["post-2882","page","type-page","status-publish","hentry"],"aioseo_notices":[],"_links":{"self":[{"href":"https:\/\/lamagnaneriedemontreal.fr\/de\/wp-json\/wp\/v2\/pages\/2882","targetHints":{"allow":["GET"]}}],"collection":[{"href":"https:\/\/lamagnaneriedemontreal.fr\/de\/wp-json\/wp\/v2\/pages"}],"about":[{"href":"https:\/\/lamagnaneriedemontreal.fr\/de\/wp-json\/wp\/v2\/types\/page"}],"author":[{"embeddable":true,"href":"https:\/\/lamagnaneriedemontreal.fr\/de\/wp-json\/wp\/v2\/users\/1"}],"replies":[{"embeddable":true,"href":"https:\/\/lamagnaneriedemontreal.fr\/de\/wp-json\/wp\/v2\/comments?post=2882"}],"version-history":[{"count":1,"href":"https:\/\/lamagnaneriedemontreal.fr\/de\/wp-json\/wp\/v2\/pages\/2882\/revisions"}],"predecessor-version":[{"id":2884,"href":"https:\/\/lamagnaneriedemontreal.fr\/de\/wp-json\/wp\/v2\/pages\/2882\/revisions\/2884"}],"wp:attachment":[{"href":"https:\/\/lamagnaneriedemontreal.fr\/de\/wp-json\/wp\/v2\/media?parent=2882"}],"curies":[{"name":"wp","href":"https:\/\/api.w.org\/{rel}","templated":true}]}}