{"id":1548,"date":"2025-09-23T12:35:37","date_gmt":"2025-09-23T10:35:37","guid":{"rendered":"https:\/\/lamagnaneriedemontreal.fr\/geschichte\/"},"modified":"2025-12-05T09:35:57","modified_gmt":"2025-12-05T08:35:57","slug":"geschichte","status":"publish","type":"page","link":"https:\/\/lamagnaneriedemontreal.fr\/de\/geschichte\/","title":{"rendered":"Geschichte"},"content":{"rendered":"\t\t<div data-elementor-type=\"wp-page\" data-elementor-id=\"1548\" class=\"elementor elementor-1548 elementor-18\" data-elementor-post-type=\"page\">\n\t\t\t\t<div class=\"elementor-element elementor-element-e62ec79 e-flex e-con-boxed e-con e-parent\" data-id=\"e62ec79\" data-element_type=\"container\" data-e-type=\"container\">\n\t\t\t\t\t<div class=\"e-con-inner\">\n\t\t\t\t<div class=\"elementor-element elementor-element-f0d4af4 elementor-widget elementor-widget-text-editor\" data-id=\"f0d4af4\" data-element_type=\"widget\" data-e-type=\"widget\" data-widget_type=\"text-editor.default\">\n\t\t\t\t\t\t\t\t\t<p>Im <sup>19<\/sup>. Jahrhundert war dieses Haus eine Seidenraupenzucht, in der die Seidenraupe, der Maulbeerspinner, gez\u00fcchtet wurde.  <\/p><p>Wir gehen davon aus, dass es Anfang des 19. Jahrhunderts schrittweise errichtet wurde (die Bauphasen sind an den Fassaden des Hauses sichtbar), wobei es verl\u00e4ngert und aufgestockt wurde. Als Referenz aus dieser Zeit haben wir ein Nachbarhaus (eine Ruine am Eingang des Weilers), das aus dem Jahr 1792 stammt, wie die Gravur auf seinem Giebel zeigt. Wir haben auch den Auszug aus dem ersten napoleonischen Kataster von 1833, der den Weiler zu dieser Zeit darstellt (siehe beigef\u00fcgter Plan &#8211; zum Vergr\u00f6\u00dfern der Fotos ausw\u00e4hlen). Das Haus befand sich bereits dort, inklusive seines Au\u00dfenbrunnens.<\/p>\t\t\t\t\t\t\t\t<\/div>\n\t\t\t\t\t<\/div>\n\t\t\t\t<\/div>\n\t\t<div class=\"elementor-element elementor-element-402923f e-flex e-con-boxed e-con e-parent\" data-id=\"402923f\" data-element_type=\"container\" data-e-type=\"container\">\n\t\t\t\t\t<div class=\"e-con-inner\">\n\t\t\t\t<div class=\"elementor-element elementor-element-b7cc070 elementor-widget elementor-widget-image-gallery\" data-id=\"b7cc070\" data-element_type=\"widget\" data-e-type=\"widget\" data-widget_type=\"image-gallery.default\">\n\t\t\t\t\t\t\t<div class=\"elementor-image-gallery\">\n\t\t\t<div id='gallery-1' class='gallery galleryid-1548 gallery-columns-2 gallery-size-medium'><figure class='gallery-item'>\n\t\t\t<div class='gallery-icon landscape'>\n\t\t\t\t<a data-elementor-open-lightbox=\"yes\" data-elementor-lightbox-slideshow=\"b7cc070\" data-elementor-lightbox-title=\"Katasterplan 1833 - Mas Gaut(h)ier\" data-e-action-hash=\"#elementor-action%3Aaction%3Dlightbox%26settings%3DeyJpZCI6MTU0OSwidXJsIjoiaHR0cHM6XC9cL2xhbWFnbmFuZXJpZWRlbW9udHJlYWwuZnJcL3dwLWNvbnRlbnRcL3VwbG9hZHNcLzIwMjVcLzA5XC9QbGFuLUNhZGFzdHJlLTE4MzMtTWFzLUdhdXRoaWVyLmpwZyIsInNsaWRlc2hvdyI6ImI3Y2MwNzAifQ%3D%3D\" href='https:\/\/lamagnaneriedemontreal.fr\/wp-content\/uploads\/2025\/09\/Plan-Cadastre-1833-Mas-Gauthier.jpg'><img fetchpriority=\"high\" decoding=\"async\" width=\"300\" height=\"171\" src=\"https:\/\/lamagnaneriedemontreal.fr\/wp-content\/uploads\/2025\/09\/Plan-Cadastre-1833-Mas-Gauthier-300x171.jpg\" class=\"attachment-medium size-medium\" alt=\"Katasterplan 1833 - Mas Gaut(h)ier\" aria-describedby=\"gallery-1-1549\" srcset=\"https:\/\/lamagnaneriedemontreal.fr\/wp-content\/uploads\/2025\/09\/Plan-Cadastre-1833-Mas-Gauthier-300x171.jpg 300w, https:\/\/lamagnaneriedemontreal.fr\/wp-content\/uploads\/2025\/09\/Plan-Cadastre-1833-Mas-Gauthier-1024x585.jpg 1024w, https:\/\/lamagnaneriedemontreal.fr\/wp-content\/uploads\/2025\/09\/Plan-Cadastre-1833-Mas-Gauthier-768x438.jpg 768w, https:\/\/lamagnaneriedemontreal.fr\/wp-content\/uploads\/2025\/09\/Plan-Cadastre-1833-Mas-Gauthier.jpg 1461w\" sizes=\"(max-width: 300px) 100vw, 300px\" \/><\/a>\n\t\t\t<\/div>\n\t\t\t\t<figcaption class='wp-caption-text gallery-caption' id='gallery-1-1549'>\n\t\t\t\tKatasterplan 1833 &#8211; Mas Gaut(h)ier\n\t\t\t\t<\/figcaption><\/figure><figure class='gallery-item'>\n\t\t\t<div class='gallery-icon landscape'>\n\t\t\t\t<a data-elementor-open-lightbox=\"yes\" data-elementor-lightbox-slideshow=\"b7cc070\" data-elementor-lightbox-title=\"Zoom - Katasterplan 1833 - Mas Gaut(h)ier\" data-e-action-hash=\"#elementor-action%3Aaction%3Dlightbox%26settings%3DeyJpZCI6MTU1MCwidXJsIjoiaHR0cHM6XC9cL2xhbWFnbmFuZXJpZWRlbW9udHJlYWwuZnJcL3dwLWNvbnRlbnRcL3VwbG9hZHNcLzIwMjVcLzA5XC9QbGFuLUNhZGFzdHJlLTE4MzMtTWFzLUdhdXRoaWVyLXpvb20uanBnIiwic2xpZGVzaG93IjoiYjdjYzA3MCJ9\" href='https:\/\/lamagnaneriedemontreal.fr\/wp-content\/uploads\/2025\/09\/Plan-Cadastre-1833-Mas-Gauthier-zoom.jpg'><img decoding=\"async\" width=\"300\" height=\"182\" src=\"https:\/\/lamagnaneriedemontreal.fr\/wp-content\/uploads\/2025\/09\/Plan-Cadastre-1833-Mas-Gauthier-zoom-300x182.jpg\" class=\"attachment-medium size-medium\" alt=\"Zoom - Katasterplan 1833 - Mas Gaut(h)ier\" aria-describedby=\"gallery-1-1550\" srcset=\"https:\/\/lamagnaneriedemontreal.fr\/wp-content\/uploads\/2025\/09\/Plan-Cadastre-1833-Mas-Gauthier-zoom-300x182.jpg 300w, https:\/\/lamagnaneriedemontreal.fr\/wp-content\/uploads\/2025\/09\/Plan-Cadastre-1833-Mas-Gauthier-zoom-1024x620.jpg 1024w, https:\/\/lamagnaneriedemontreal.fr\/wp-content\/uploads\/2025\/09\/Plan-Cadastre-1833-Mas-Gauthier-zoom-768x465.jpg 768w, https:\/\/lamagnaneriedemontreal.fr\/wp-content\/uploads\/2025\/09\/Plan-Cadastre-1833-Mas-Gauthier-zoom.jpg 1308w\" sizes=\"(max-width: 300px) 100vw, 300px\" \/><\/a>\n\t\t\t<\/div>\n\t\t\t\t<figcaption class='wp-caption-text gallery-caption' id='gallery-1-1550'>\n\t\t\t\tZoom &#8211; Katasterplan 1833 &#8211; Mas Gaut(h)ier\n\t\t\t\t<\/figcaption><\/figure>\n\t\t<\/div>\n\t\t<\/div>\n\t\t\t\t\t\t<\/div>\n\t\t\t\t\t<\/div>\n\t\t\t\t<\/div>\n\t\t<div class=\"elementor-element elementor-element-cb2beb2 e-flex e-con-boxed e-con e-parent\" data-id=\"cb2beb2\" data-element_type=\"container\" data-e-type=\"container\">\n\t\t\t\t\t<div class=\"e-con-inner\">\n\t\t\t\t<div class=\"elementor-element elementor-element-61b92ea elementor-widget elementor-widget-text-editor\" data-id=\"61b92ea\" data-element_type=\"widget\" data-e-type=\"widget\" data-widget_type=\"text-editor.default\">\n\t\t\t\t\t\t\t\t\t<p>Die Seidenraupenzucht bestand im Erdgeschoss aus einem Raum, in dem Schweine und H\u00fchner gehalten wurden (die heutige Speisekammer).  <\/p><p>Auf der anderen Seite des zentralen Korridors befanden sich der Stall und der Kuhstall (heute das Glycine-Zimmer), wo man noch das Holz sehen kann, das den Futtertrog f\u00fcr die Tiere begrenzte. Das Heu wurde im <sup>zweiten<\/sup> Stock gelagert und gelangte durch einen Schornstein direkt in die Futterkrippe. Pferde dienten als Fortbewegungsmittel und arbeiteten auf den Feldern. Sie dienten auch zum Dreschen des Weizens, der an der Stelle des heutigen Schwimmbeckens auf dem Boden ausgebreitet wurde.  <\/p><p>Drau\u00dfen, in der N\u00e4he des Lindenbaums, werden Sie auch den Brunnen sehen, der damals die einzige Trinkwasserquelle des Weilers war. Dieser Brunnen ist mit einem weiteren verbunden, der sich im Keller auf der Stra\u00dfenseite befindet.  Sie werden von einer Quelle gespeist. Dieser Keller (nicht zug\u00e4nglich) wurde auch zur Weinherstellung genutzt. Riesige F\u00e4sser waren in der Decke der Gew\u00f6lbe verankert. Leider sind nur noch die L\u00f6cher f\u00fcr die Verankerungen vorhanden.<\/p><p>Im<sup>ersten<\/sup> Stock befand sich der heutige Speisesaal, in dem fr\u00fcher Seidenraupen gez\u00fcchtet wurden. Dieser Raum hatte vier Kamine, von denen heute nur noch einer \u00fcbrig ist und Spuren (vom Rauch geschw\u00e4rzte Steine) eines zweiten in der N\u00e4he der T\u00fcr zur Eingangshalle zu sehen sind.<\/p><p>Das heutige Wohnzimmer war damals die K\u00fcche mit einem gro\u00dfen Kamin. Die Sp\u00fcle befand sich an der Stelle, an der sich das B\u00fccherregal befand.  <\/p><p>Das aktuelle Zimmer war das Esszimmer und das Badezimmer, das Zimmer&#8230;<\/p><p>Der 2.<sup> Stock diente zur Lagerung von Heu. Der gro\u00dfe Raum, der die Zimmer \u201eLaurier\u201c und \u201eOrigan\u201c umfasst (k\u00fcrzlich erbaut), besa\u00df keine Fenster, sondern lediglich \u00d6ffnungen mit Holzl\u00e4den.<\/sup> <\/p><p>Die Terrasse im 1. Stock, in der Ard\u00e8che auch \u201eCouradou\u201c genannt, diente w\u00e4hrend des Vorgangs, bei dem die Kokons abgewickelt werden, um den Seidenfaden zu gewinnen. Die Kokons wurden in ein Bad mit kochendem Wasser getaucht, wo sie weich wurden, und dann mit einem kleinen Besen gesch\u00fcttelt, um die F\u00e4den freizulegen.<\/p><p>Wenn Sie auf der Terrasse genau hinschauen, k\u00f6nnen Sie einen in Stein gemei\u00dfelten Kopf entdecken. Damals wurden die Steine und Verzierungen der Schl\u00f6sser f\u00fcr den Bau der H\u00e4user verwendet&#8230;<\/p><p>Seit einigen Jahren versuchen wir, das Haus zu renovieren und dabei seine Authentizit\u00e4t und den Charakter der Ard\u00e8che zu bewahren. Danke, dass Sie so gut auf sie aufpassen&#8230;  <\/p><p>Einen sch\u00f6nen Aufenthalt in Mas Gauthier&#8230;<\/p>\t\t\t\t\t\t\t\t<\/div>\n\t\t\t\t\t<\/div>\n\t\t\t\t<\/div>\n\t\t<div class=\"elementor-element elementor-element-a5be4b2 e-flex e-con-boxed e-con e-parent\" data-id=\"a5be4b2\" data-element_type=\"container\" data-e-type=\"container\">\n\t\t\t\t\t<div class=\"e-con-inner\">\n\t\t\t\t<div class=\"elementor-element elementor-element-3e7883e elementor-widget elementor-widget-heading\" data-id=\"3e7883e\" data-element_type=\"widget\" data-e-type=\"widget\" data-widget_type=\"heading.default\">\n\t\t\t\t\t<h2 class=\"elementor-heading-title elementor-size-default\">Bruna &amp; Didier.<\/h2>\t\t\t\t<\/div>\n\t\t\t\t\t<\/div>\n\t\t\t\t<\/div>\n\t\t<div class=\"elementor-element elementor-element-22f63eb e-flex e-con-boxed e-con e-parent\" data-id=\"22f63eb\" data-element_type=\"container\" data-e-type=\"container\">\n\t\t\t\t\t<div class=\"e-con-inner\">\n\t\t\t\t<div class=\"elementor-element elementor-element-d3332a9 elementor-widget-divider--view-line elementor-widget elementor-widget-divider\" data-id=\"d3332a9\" data-element_type=\"widget\" data-e-type=\"widget\" data-widget_type=\"divider.default\">\n\t\t\t\t\t\t\t<div class=\"elementor-divider\">\n\t\t\t<span class=\"elementor-divider-separator\">\n\t\t\t\t\t\t<\/span>\n\t\t<\/div>\n\t\t\t\t\t\t<\/div>\n\t\t\t\t\t<\/div>\n\t\t\t\t<\/div>\n\t\t\t\t<\/div>\n\t\t","protected":false},"excerpt":{"rendered":"<p>Im 19. Jahrhundert war dieses Haus eine Seidenraupenzucht, in der die Seidenraupe, der Maulbeerspinner, gez\u00fcchtet wurde. Wir gehen davon aus, dass es Anfang des 19. Jahrhunderts schrittweise errichtet wurde (die Bauphasen sind an den Fassaden des Hauses sichtbar), wobei es verl\u00e4ngert und aufgestockt wurde. Als Referenz aus dieser Zeit haben wir ein Nachbarhaus (eine Ruine [&hellip;]<\/p>\n","protected":false},"author":1,"featured_media":0,"parent":0,"menu_order":0,"comment_status":"closed","ping_status":"closed","template":"","meta":{"footnotes":""},"class_list":["post-1548","page","type-page","status-publish","hentry"],"aioseo_notices":[],"_links":{"self":[{"href":"https:\/\/lamagnaneriedemontreal.fr\/de\/wp-json\/wp\/v2\/pages\/1548","targetHints":{"allow":["GET"]}}],"collection":[{"href":"https:\/\/lamagnaneriedemontreal.fr\/de\/wp-json\/wp\/v2\/pages"}],"about":[{"href":"https:\/\/lamagnaneriedemontreal.fr\/de\/wp-json\/wp\/v2\/types\/page"}],"author":[{"embeddable":true,"href":"https:\/\/lamagnaneriedemontreal.fr\/de\/wp-json\/wp\/v2\/users\/1"}],"replies":[{"embeddable":true,"href":"https:\/\/lamagnaneriedemontreal.fr\/de\/wp-json\/wp\/v2\/comments?post=1548"}],"version-history":[{"count":0,"href":"https:\/\/lamagnaneriedemontreal.fr\/de\/wp-json\/wp\/v2\/pages\/1548\/revisions"}],"wp:attachment":[{"href":"https:\/\/lamagnaneriedemontreal.fr\/de\/wp-json\/wp\/v2\/media?parent=1548"}],"curies":[{"name":"wp","href":"https:\/\/api.w.org\/{rel}","templated":true}]}}