{"id":1391,"date":"2025-09-23T12:37:15","date_gmt":"2025-09-23T10:37:15","guid":{"rendered":"https:\/\/lamagnaneriedemontreal.fr\/reservierung\/"},"modified":"2025-12-05T21:11:53","modified_gmt":"2025-12-05T20:11:53","slug":"reservierung","status":"publish","type":"page","link":"https:\/\/lamagnaneriedemontreal.fr\/de\/reservierung\/","title":{"rendered":"Reservierung"},"content":{"rendered":"\t\t<div data-elementor-type=\"wp-page\" data-elementor-id=\"1391\" class=\"elementor elementor-1391 elementor-26\" data-elementor-post-type=\"page\">\n\t\t\t\t<div class=\"elementor-element elementor-element-f1bc445 e-flex e-con-boxed e-con e-parent\" data-id=\"f1bc445\" data-element_type=\"container\" data-e-type=\"container\">\n\t\t\t\t\t<div class=\"e-con-inner\">\n\t\t\t\t<div class=\"elementor-element elementor-element-e3c6394 elementor-widget-divider--view-line elementor-widget elementor-widget-divider\" data-id=\"e3c6394\" data-element_type=\"widget\" data-e-type=\"widget\" data-widget_type=\"divider.default\">\n\t\t\t\t\t\t\t<div class=\"elementor-divider\">\n\t\t\t<span class=\"elementor-divider-separator\">\n\t\t\t\t\t\t<\/span>\n\t\t<\/div>\n\t\t\t\t\t\t<\/div>\n\t\t\t\t<div class=\"elementor-element elementor-element-a80120a elementor-widget elementor-widget-text-editor\" data-id=\"a80120a\" data-element_type=\"widget\" data-e-type=\"widget\" data-widget_type=\"text-editor.default\">\n\t\t\t\t\t\t\t\t\t<p>SAISON 2026: Buchungen je nach Verf\u00fcgbarkeit vom Donnerstag, den 01.04.2026 bis Sonntag, den 01.11.2026.<\/p><p>Swimmingpool ge\u00f6ffnet von Anfang April bis Anfang November (beheizt auf mindestens 25\u00b0C, wenn die Au\u00dfentemperatur tags\u00fcber 18\u00b0C \u00fcbersteigt).<\/p><p>Vermietung au\u00dferhalb der Saison ab 3 N\u00e4chten (mindestens 7 N\u00e4chte (idealerweise von Samstag bis Samstag) in der Hochsaison und w\u00e4hrend der Schulferien).<\/p><p>Die Preise beinhalten Bettw\u00e4sche, bezogene Betten bei Ankunft und Endreinigung (40 Euro Aufpreis f\u00fcr die Endreinigung bei Haustieren (maximal 2 erlaubt)). Achtung!!! Handt\u00fccher (Handtuch, Waschlappen, etc.) werden nicht gestellt. Badematten sind vorhanden.<\/p><p>Inklusive Erm\u00e4\u00dfigung: 5% f\u00fcr 5 N\u00e4chte und mehr, 10% f\u00fcr 7 N\u00e4chte und mehr, 20% f\u00fcr 14 N\u00e4chte und mehr.<\/p><p>Ankunft zwischen 17:00 und 19:00 Uhr &#8211; Abreise zwischen 7:00 und 9:00 Uhr.<\/p><p>Bitte z\u00f6gern Sie nicht, uns zu kontaktieren, wenn Sie besondere W\u00fcnsche oder Fragen haben.<\/p><p>Vielen Dank und bis bald f\u00fcr einen einzigartigen und entspannenden Urlaub&#8230;<\/p>\t\t\t\t\t\t\t\t<\/div>\n\t\t\t\t\t<\/div>\n\t\t\t\t<\/div>\n\t\t<div class=\"elementor-element elementor-element-5d1759a e-flex e-con-boxed e-con e-parent\" data-id=\"5d1759a\" data-element_type=\"container\" data-e-type=\"container\">\n\t\t\t\t\t<div class=\"e-con-inner\">\n\t\t\t\t<div class=\"elementor-element elementor-element-c246a9e elementor-widget-divider--view-line elementor-widget elementor-widget-divider\" data-id=\"c246a9e\" data-element_type=\"widget\" data-e-type=\"widget\" data-widget_type=\"divider.default\">\n\t\t\t\t\t\t\t<div class=\"elementor-divider\">\n\t\t\t<span class=\"elementor-divider-separator\">\n\t\t\t\t\t\t<\/span>\n\t\t<\/div>\n\t\t\t\t\t\t<\/div>\n\t\t\t\t\t<\/div>\n\t\t\t\t<\/div>\n\t\t<div class=\"elementor-element elementor-element-789e58b e-con-full e-flex e-con e-parent\" data-id=\"789e58b\" data-element_type=\"container\" data-e-type=\"container\">\n\t\t\t\t<div class=\"elementor-element elementor-element-0796569 elementor-widget elementor-widget-shortcode\" data-id=\"0796569\" data-element_type=\"widget\" data-e-type=\"widget\" data-widget_type=\"shortcode.default\">\n\t\t\t\t\t\t\t<div class=\"elementor-shortcode\"><div id=\"beds24target_110733_205511_0\"><iframe onload=\"window.parent.parent.scrollTo(0,0)\" src =\"https:\/\/www.beds24.com\/booking2.php?1&#038;ownerid=110733&#038;propid=205511&#038;referer=wordpress&#038;\" width=\"1000\" height=\"2100\" style=\"max-width:100%;border:none;overflow:auto;\"><p><a href=\"https:\/\/www.beds24.com\/booking2.php?1&#038;ownerid=110733&#038;propid=205511&#038;referer=wordpress&#038;\">Book Now<\/a><\/p><\/iframe><\/div> <\/div>\n\t\t\t\t\t\t<\/div>\n\t\t\t\t<\/div>\n\t\t<div class=\"elementor-element elementor-element-a0b4c80 e-flex e-con-boxed e-con e-parent\" data-id=\"a0b4c80\" data-element_type=\"container\" data-e-type=\"container\">\n\t\t\t\t\t<div class=\"e-con-inner\">\n\t\t\t\t\t<\/div>\n\t\t\t\t<\/div>\n\t\t\t\t<\/div>\n\t\t","protected":false},"excerpt":{"rendered":"<p>SAISON 2026: Buchungen je nach Verf\u00fcgbarkeit vom Donnerstag, den 01.04.2026 bis Sonntag, den 01.11.2026. Swimmingpool ge\u00f6ffnet von Anfang April bis Anfang November (beheizt auf mindestens 25\u00b0C, wenn die Au\u00dfentemperatur tags\u00fcber 18\u00b0C \u00fcbersteigt). Vermietung au\u00dferhalb der Saison ab 3 N\u00e4chten (mindestens 7 N\u00e4chte (idealerweise von Samstag bis Samstag) in der Hochsaison und w\u00e4hrend der Schulferien). Die [&hellip;]<\/p>\n","protected":false},"author":1,"featured_media":0,"parent":0,"menu_order":0,"comment_status":"closed","ping_status":"closed","template":"elementor_header_footer","meta":{"footnotes":""},"class_list":["post-1391","page","type-page","status-publish","hentry"],"aioseo_notices":[],"_links":{"self":[{"href":"https:\/\/lamagnaneriedemontreal.fr\/de\/wp-json\/wp\/v2\/pages\/1391","targetHints":{"allow":["GET"]}}],"collection":[{"href":"https:\/\/lamagnaneriedemontreal.fr\/de\/wp-json\/wp\/v2\/pages"}],"about":[{"href":"https:\/\/lamagnaneriedemontreal.fr\/de\/wp-json\/wp\/v2\/types\/page"}],"author":[{"embeddable":true,"href":"https:\/\/lamagnaneriedemontreal.fr\/de\/wp-json\/wp\/v2\/users\/1"}],"replies":[{"embeddable":true,"href":"https:\/\/lamagnaneriedemontreal.fr\/de\/wp-json\/wp\/v2\/comments?post=1391"}],"version-history":[{"count":0,"href":"https:\/\/lamagnaneriedemontreal.fr\/de\/wp-json\/wp\/v2\/pages\/1391\/revisions"}],"wp:attachment":[{"href":"https:\/\/lamagnaneriedemontreal.fr\/de\/wp-json\/wp\/v2\/media?parent=1391"}],"curies":[{"name":"wp","href":"https:\/\/api.w.org\/{rel}","templated":true}]}}